{"id":1292,"date":"2020-12-09T00:29:24","date_gmt":"2020-12-08T23:29:24","guid":{"rendered":"https:\/\/ermatechnic.com\/?page_id=1292"},"modified":"2021-05-06T11:54:52","modified_gmt":"2021-05-06T09:54:52","slug":"naval","status":"publish","type":"page","link":"https:\/\/ermatechnic.com\/en\/activites\/naval\/","title":{"rendered":"Naval"},"content":{"rendered":"<div data-elementor-type=\"wp-page\" data-elementor-id=\"1292\" class=\"elementor elementor-1292\">\n\t\t\t\t\t\t<section class=\"elementor-section elementor-top-section elementor-element elementor-element-ed99b65 elementor-section-height-min-height elementor-section-items-bottom elementor-section-boxed elementor-section-height-default\" data-id=\"ed99b65\" data-element_type=\"section\" data-e-type=\"section\" data-settings=\"{&quot;background_background&quot;:&quot;classic&quot;}\">\n\t\t\t\t\t\t\t<div class=\"elementor-background-overlay\"><\/div>\n\t\t\t\t\t\t\t<div class=\"elementor-container elementor-column-gap-no\">\n\t\t\t\t\t<div class=\"elementor-column elementor-col-100 elementor-top-column elementor-element elementor-element-f885396\" data-id=\"f885396\" data-element_type=\"column\" data-e-type=\"column\">\n\t\t\t<div class=\"elementor-widget-wrap elementor-element-populated\">\n\t\t\t\t\t\t<div class=\"elementor-element elementor-element-60dfb4e elementor-widget elementor-widget-heading\" data-id=\"60dfb4e\" data-element_type=\"widget\" data-e-type=\"widget\" data-widget_type=\"heading.default\">\n\t\t\t\t<div class=\"elementor-widget-container\">\n\t\t\t\t\t<h6 class=\"elementor-heading-title elementor-size-default\">Industry<\/h6>\t\t\t\t<\/div>\n\t\t\t\t<\/div>\n\t\t\t\t<div class=\"elementor-element elementor-element-e893fee elementor-widget elementor-widget-heading\" data-id=\"e893fee\" data-element_type=\"widget\" data-e-type=\"widget\" data-widget_type=\"heading.default\">\n\t\t\t\t<div class=\"elementor-widget-container\">\n\t\t\t\t\t<h1 class=\"elementor-heading-title elementor-size-default\">Naval<\/h1>\t\t\t\t<\/div>\n\t\t\t\t<\/div>\n\t\t\t\t<div class=\"elementor-element elementor-element-b34afa7 elementor-widget-divider--view-line elementor-widget elementor-widget-divider\" data-id=\"b34afa7\" data-element_type=\"widget\" data-e-type=\"widget\" data-widget_type=\"divider.default\">\n\t\t\t\t<div class=\"elementor-widget-container\">\n\t\t\t\t\t\t\t<div class=\"elementor-divider\">\n\t\t\t<span class=\"elementor-divider-separator\">\n\t\t\t\t\t\t<\/span>\n\t\t<\/div>\n\t\t\t\t\t\t<\/div>\n\t\t\t\t<\/div>\n\t\t\t\t\t<\/div>\n\t\t<\/div>\n\t\t\t\t\t<\/div>\n\t\t<\/section>\n\t\t\t\t<section class=\"elementor-section elementor-top-section elementor-element elementor-element-5d4d25b elementor-section-boxed elementor-section-height-default elementor-section-height-default\" data-id=\"5d4d25b\" data-element_type=\"section\" data-e-type=\"section\" data-settings=\"{&quot;background_background&quot;:&quot;classic&quot;}\">\n\t\t\t\t\t\t<div class=\"elementor-container elementor-column-gap-no\">\n\t\t\t\t\t<div class=\"elementor-column elementor-col-100 elementor-top-column elementor-element elementor-element-2393429\" data-id=\"2393429\" data-element_type=\"column\" data-e-type=\"column\" data-settings=\"{&quot;background_background&quot;:&quot;classic&quot;}\">\n\t\t\t<div class=\"elementor-widget-wrap elementor-element-populated\">\n\t\t\t\t\t\t<div class=\"elementor-element elementor-element-402c6e7 elementor-hidden-phone elementor-invisible elementor-widget elementor-widget-heading\" data-id=\"402c6e7\" data-element_type=\"widget\" data-e-type=\"widget\" data-settings=\"{&quot;_animation&quot;:&quot;fadeIn&quot;}\" data-widget_type=\"heading.default\">\n\t\t\t\t<div class=\"elementor-widget-container\">\n\t\t\t\t\t<h6 class=\"elementor-heading-title elementor-size-default\">Erma technic - group charbonier<\/h6>\t\t\t\t<\/div>\n\t\t\t\t<\/div>\n\t\t\t\t<div class=\"elementor-element elementor-element-5605d46 elementor-invisible elementor-widget elementor-widget-heading\" data-id=\"5605d46\" data-element_type=\"widget\" data-e-type=\"widget\" data-settings=\"{&quot;_animation&quot;:&quot;fadeIn&quot;}\" data-widget_type=\"heading.default\">\n\t\t\t\t<div class=\"elementor-widget-container\">\n\t\t\t\t\t<h2 class=\"elementor-heading-title elementor-size-default\">R\u00e9alisation sur nos sites de production et interventions sur sites clients.<\/h2>\t\t\t\t<\/div>\n\t\t\t\t<\/div>\n\t\t\t\t\t<\/div>\n\t\t<\/div>\n\t\t\t\t\t<\/div>\n\t\t<\/section>\n\t\t\t\t<section class=\"elementor-section elementor-top-section elementor-element elementor-element-402c8d0 elementor-section-boxed elementor-section-height-default elementor-section-height-default\" data-id=\"402c8d0\" data-element_type=\"section\" data-e-type=\"section\">\n\t\t\t\t\t\t<div class=\"elementor-container elementor-column-gap-default\">\n\t\t\t\t\t<div class=\"elementor-column elementor-col-100 elementor-top-column elementor-element elementor-element-9195f25\" data-id=\"9195f25\" data-element_type=\"column\" data-e-type=\"column\">\n\t\t\t<div class=\"elementor-widget-wrap elementor-element-populated\">\n\t\t\t\t\t\t<section class=\"elementor-section elementor-inner-section elementor-element elementor-element-7d822b5 elementor-section-boxed elementor-section-height-default elementor-section-height-default\" data-id=\"7d822b5\" data-element_type=\"section\" data-e-type=\"section\">\n\t\t\t\t\t\t<div class=\"elementor-container elementor-column-gap-default\">\n\t\t\t\t\t<div class=\"elementor-column elementor-col-50 elementor-inner-column elementor-element elementor-element-30aa31b\" data-id=\"30aa31b\" data-element_type=\"column\" data-e-type=\"column\">\n\t\t\t<div class=\"elementor-widget-wrap elementor-element-populated\">\n\t\t\t\t\t\t<div class=\"elementor-element elementor-element-664ec65 elementor-widget elementor-widget-heading\" data-id=\"664ec65\" data-element_type=\"widget\" data-e-type=\"widget\" data-widget_type=\"heading.default\">\n\t\t\t\t<div class=\"elementor-widget-container\">\n\t\t\t\t\t<h3 class=\"elementor-heading-title elementor-size-default\">Nos prestations en montage \/ c\u00e2blage\u00a0:<\/h3>\t\t\t\t<\/div>\n\t\t\t\t<\/div>\n\t\t\t\t<div class=\"elementor-element elementor-element-bc0b81d elementor-icon-list--layout-traditional elementor-list-item-link-full_width elementor-widget elementor-widget-icon-list\" data-id=\"bc0b81d\" data-element_type=\"widget\" data-e-type=\"widget\" data-widget_type=\"icon-list.default\">\n\t\t\t\t<div class=\"elementor-widget-container\">\n\t\t\t\t\t\t\t<ul class=\"elementor-icon-list-items\">\n\t\t\t\t\t\t\t<li class=\"elementor-icon-list-item\">\n\t\t\t\t\t\t\t\t\t\t\t<span class=\"elementor-icon-list-icon\">\n\t\t\t\t\t\t\t<i aria-hidden=\"true\" class=\"fas fa-check\"><\/i>\t\t\t\t\t\t<\/span>\n\t\t\t\t\t\t\t\t\t\t<span class=\"elementor-icon-list-text\">R\u00e9alisations en s\u00e9rie de torons, routage sur planche, test SYNOR 10 000 points<\/span>\n\t\t\t\t\t\t\t\t\t<\/li>\n\t\t\t\t\t\t\t\t<li class=\"elementor-icon-list-item\">\n\t\t\t\t\t\t\t\t\t\t\t<span class=\"elementor-icon-list-icon\">\n\t\t\t\t\t\t\t<i aria-hidden=\"true\" class=\"fas fa-check\"><\/i>\t\t\t\t\t\t<\/span>\n\t\t\t\t\t\t\t\t\t\t<span class=\"elementor-icon-list-text\">Fabrications compl\u00e8tes d\u2019\u00e9quipements \u00e9lectriques et \u00e9lectroniques<\/span>\n\t\t\t\t\t\t\t\t\t<\/li>\n\t\t\t\t\t\t<\/ul>\n\t\t\t\t\t\t<\/div>\n\t\t\t\t<\/div>\n\t\t\t\t<div class=\"elementor-element elementor-element-213799a elementor-widget elementor-widget-text-editor\" data-id=\"213799a\" data-element_type=\"widget\" data-e-type=\"widget\" data-widget_type=\"text-editor.default\">\n\t\t\t\t<div class=\"elementor-widget-container\">\n\t\t\t\t\t\t\t\t\t<p>Engagement sur la garantie livraison et remise \u00e0 niveau.<\/p>\t\t\t\t\t\t\t\t<\/div>\n\t\t\t\t<\/div>\n\t\t\t\t\t<\/div>\n\t\t<\/div>\n\t\t\t\t<div class=\"elementor-column elementor-col-50 elementor-inner-column elementor-element elementor-element-eff75e6\" data-id=\"eff75e6\" data-element_type=\"column\" data-e-type=\"column\">\n\t\t\t<div class=\"elementor-widget-wrap elementor-element-populated\">\n\t\t\t\t\t\t<div class=\"elementor-element elementor-element-35792ac elementor-arrows-position-inside elementor-pagination-position-outside elementor-widget elementor-widget-image-carousel\" data-id=\"35792ac\" data-element_type=\"widget\" data-e-type=\"widget\" data-settings=\"{&quot;slides_to_show&quot;:&quot;1&quot;,&quot;autoplay_speed&quot;:3000,&quot;navigation&quot;:&quot;both&quot;,&quot;autoplay&quot;:&quot;yes&quot;,&quot;pause_on_hover&quot;:&quot;yes&quot;,&quot;pause_on_interaction&quot;:&quot;yes&quot;,&quot;infinite&quot;:&quot;yes&quot;,&quot;effect&quot;:&quot;slide&quot;,&quot;speed&quot;:500}\" data-widget_type=\"image-carousel.default\">\n\t\t\t\t<div class=\"elementor-widget-container\">\n\t\t\t\t\t\t\t<div class=\"elementor-image-carousel-wrapper swiper\" role=\"region\" aria-roledescription=\"carousel\" aria-label=\"Carrousel d\u2019images\" dir=\"ltr\">\n\t\t\t<div class=\"elementor-image-carousel swiper-wrapper\" aria-live=\"off\">\n\t\t\t\t\t\t\t\t<div class=\"swiper-slide\" role=\"group\" aria-roledescription=\"slide\" aria-label=\"1 sur 2\"><figure class=\"swiper-slide-inner\"><img decoding=\"async\" class=\"swiper-slide-image\" src=\"https:\/\/ermatechnic.com\/wp-content\/uploads\/2020\/12\/DSC06938-e1607472304272-768x512.jpg\" alt=\"DSC06938\" \/><\/figure><\/div><div class=\"swiper-slide\" role=\"group\" aria-roledescription=\"slide\" aria-label=\"2 sur 2\"><figure class=\"swiper-slide-inner\"><img decoding=\"async\" class=\"swiper-slide-image\" src=\"https:\/\/ermatechnic.com\/wp-content\/uploads\/2020\/12\/DSC07037-768x512.jpg\" alt=\"DSC07037\" \/><\/figure><\/div>\t\t\t<\/div>\n\t\t\t\t\t\t\t\t\t\t\t\t<div class=\"elementor-swiper-button elementor-swiper-button-prev\" role=\"button\" tabindex=\"0\">\n\t\t\t\t\t\t<i aria-hidden=\"true\" class=\"eicon-chevron-left\"><\/i>\t\t\t\t\t<\/div>\n\t\t\t\t\t<div class=\"elementor-swiper-button elementor-swiper-button-next\" role=\"button\" tabindex=\"0\">\n\t\t\t\t\t\t<i aria-hidden=\"true\" class=\"eicon-chevron-right\"><\/i>\t\t\t\t\t<\/div>\n\t\t\t\t\n\t\t\t\t\t\t\t\t\t<div class=\"swiper-pagination\"><\/div>\n\t\t\t\t\t\t\t\t\t<\/div>\n\t\t\t\t\t\t<\/div>\n\t\t\t\t<\/div>\n\t\t\t\t\t<\/div>\n\t\t<\/div>\n\t\t\t\t\t<\/div>\n\t\t<\/section>\n\t\t\t\t\t<\/div>\n\t\t<\/div>\n\t\t\t\t\t<\/div>\n\t\t<\/section>\n\t\t\t\t<\/div>","protected":false},"excerpt":{"rendered":"<p>Secteur d&rsquo;activit\u00e9 Naval Erma technic &#8211; group charbonier R\u00e9alisation sur nos sites de production et interventions sur sites clients. Nos prestations en montage \/ c\u00e2blage\u00a0: R\u00e9alisations en s\u00e9rie de torons, routage sur planche, test SYNOR 10 000 points Fabrications compl\u00e8tes d\u2019\u00e9quipements \u00e9lectriques et \u00e9lectroniques Engagement sur la garantie livraison et remise \u00e0 niveau. Pr\u00e9c\u00e9dent Suivant<\/p>","protected":false},"author":1,"featured_media":0,"parent":1178,"menu_order":0,"comment_status":"closed","ping_status":"closed","template":"","meta":{"site-sidebar-layout":"no-sidebar","site-content-layout":"page-builder","ast-site-content-layout":"default","site-content-style":"default","site-sidebar-style":"default","ast-global-header-display":"","ast-banner-title-visibility":"","ast-main-header-display":"","ast-hfb-above-header-display":"","ast-hfb-below-header-display":"","ast-hfb-mobile-header-display":"","site-post-title":"disabled","ast-breadcrumbs-content":"","ast-featured-img":"disabled","footer-sml-layout":"","ast-disable-related-posts":"","theme-transparent-header-meta":"enabled","adv-header-id-meta":"","stick-header-meta":"","header-above-stick-meta":"","header-main-stick-meta":"","header-below-stick-meta":"","astra-migrate-meta-layouts":"default","ast-page-background-enabled":"default","ast-page-background-meta":{"desktop":{"background-color":"","background-image":"","background-repeat":"repeat","background-position":"center center","background-size":"auto","background-attachment":"scroll","background-type":"","background-media":"","overlay-type":"","overlay-color":"","overlay-opacity":"","overlay-gradient":""},"tablet":{"background-color":"","background-image":"","background-repeat":"repeat","background-position":"center center","background-size":"auto","background-attachment":"scroll","background-type":"","background-media":"","overlay-type":"","overlay-color":"","overlay-opacity":"","overlay-gradient":""},"mobile":{"background-color":"","background-image":"","background-repeat":"repeat","background-position":"center center","background-size":"auto","background-attachment":"scroll","background-type":"","background-media":"","overlay-type":"","overlay-color":"","overlay-opacity":"","overlay-gradient":""}},"ast-content-background-meta":{"desktop":{"background-color":"var(--ast-global-color-5)","background-image":"","background-repeat":"repeat","background-position":"center center","background-size":"auto","background-attachment":"scroll","background-type":"","background-media":"","overlay-type":"","overlay-color":"","overlay-opacity":"","overlay-gradient":""},"tablet":{"background-color":"var(--ast-global-color-5)","background-image":"","background-repeat":"repeat","background-position":"center center","background-size":"auto","background-attachment":"scroll","background-type":"","background-media":"","overlay-type":"","overlay-color":"","overlay-opacity":"","overlay-gradient":""},"mobile":{"background-color":"var(--ast-global-color-5)","background-image":"","background-repeat":"repeat","background-position":"center center","background-size":"auto","background-attachment":"scroll","background-type":"","background-media":"","overlay-type":"","overlay-color":"","overlay-opacity":"","overlay-gradient":""}},"footnotes":""},"class_list":["post-1292","page","type-page","status-publish","hentry"],"yoast_head":"<!-- This site is optimized with the Yoast SEO plugin v27.3 - https:\/\/yoast.com\/product\/yoast-seo-wordpress\/ -->\n<title>Naval - Erma technic - Groupe charbonnier<\/title>\n<meta name=\"robots\" content=\"index, follow, max-snippet:-1, max-image-preview:large, max-video-preview:-1\" \/>\n<link rel=\"canonical\" href=\"https:\/\/ermatechnic.com\/en\/activites\/naval\/\" \/>\n<meta property=\"og:locale\" content=\"en_GB\" \/>\n<meta property=\"og:type\" content=\"article\" \/>\n<meta property=\"og:title\" content=\"Naval - Erma technic - Groupe charbonnier\" \/>\n<meta property=\"og:description\" content=\"Secteur d&rsquo;activit\u00e9 Naval Erma technic &#8211; group charbonier R\u00e9alisation sur nos sites de production et interventions sur sites clients. Nos prestations en montage \/ c\u00e2blage\u00a0: R\u00e9alisations en s\u00e9rie de torons, routage sur planche, test SYNOR 10 000 points Fabrications compl\u00e8tes d\u2019\u00e9quipements \u00e9lectriques et \u00e9lectroniques Engagement sur la garantie livraison et remise \u00e0 niveau. Pr\u00e9c\u00e9dent Suivant\" \/>\n<meta property=\"og:url\" content=\"https:\/\/ermatechnic.com\/en\/activites\/naval\/\" \/>\n<meta property=\"og:site_name\" content=\"Erma technic - Groupe charbonnier\" \/>\n<meta property=\"article:modified_time\" content=\"2021-05-06T09:54:52+00:00\" \/>\n<meta property=\"og:image\" content=\"https:\/\/ermatechnic.com\/wp-content\/uploads\/2020\/12\/DSC06938-e1607472304272-768x512.jpg\" \/>\n<meta name=\"twitter:card\" content=\"summary_large_image\" \/>\n<meta name=\"twitter:label1\" content=\"Estimated reading time\" \/>\n\t<meta name=\"twitter:data1\" content=\"2 minutes\" \/>\n<script type=\"application\/ld+json\" class=\"yoast-schema-graph\">{\"@context\":\"https:\\\/\\\/schema.org\",\"@graph\":[{\"@type\":\"WebPage\",\"@id\":\"https:\\\/\\\/ermatechnic.com\\\/en\\\/activites\\\/naval\\\/\",\"url\":\"https:\\\/\\\/ermatechnic.com\\\/en\\\/activites\\\/naval\\\/\",\"name\":\"Naval - Erma technic - Groupe charbonnier\",\"isPartOf\":{\"@id\":\"https:\\\/\\\/ermatechnic.com\\\/#website\"},\"primaryImageOfPage\":{\"@id\":\"https:\\\/\\\/ermatechnic.com\\\/en\\\/activites\\\/naval\\\/#primaryimage\"},\"image\":{\"@id\":\"https:\\\/\\\/ermatechnic.com\\\/en\\\/activites\\\/naval\\\/#primaryimage\"},\"thumbnailUrl\":\"https:\\\/\\\/ermatechnic.com\\\/wp-content\\\/uploads\\\/2020\\\/12\\\/DSC06938-e1607472304272-768x512.jpg\",\"datePublished\":\"2020-12-08T23:29:24+00:00\",\"dateModified\":\"2021-05-06T09:54:52+00:00\",\"breadcrumb\":{\"@id\":\"https:\\\/\\\/ermatechnic.com\\\/en\\\/activites\\\/naval\\\/#breadcrumb\"},\"inLanguage\":\"en-GB\",\"potentialAction\":[{\"@type\":\"ReadAction\",\"target\":[\"https:\\\/\\\/ermatechnic.com\\\/en\\\/activites\\\/naval\\\/\"]}]},{\"@type\":\"ImageObject\",\"inLanguage\":\"en-GB\",\"@id\":\"https:\\\/\\\/ermatechnic.com\\\/en\\\/activites\\\/naval\\\/#primaryimage\",\"url\":\"https:\\\/\\\/ermatechnic.com\\\/wp-content\\\/uploads\\\/2020\\\/12\\\/DSC06938-e1607472304272-768x512.jpg\",\"contentUrl\":\"https:\\\/\\\/ermatechnic.com\\\/wp-content\\\/uploads\\\/2020\\\/12\\\/DSC06938-e1607472304272-768x512.jpg\"},{\"@type\":\"BreadcrumbList\",\"@id\":\"https:\\\/\\\/ermatechnic.com\\\/en\\\/activites\\\/naval\\\/#breadcrumb\",\"itemListElement\":[{\"@type\":\"ListItem\",\"position\":1,\"name\":\"Accueil\",\"item\":\"https:\\\/\\\/ermatechnic.com\\\/\"},{\"@type\":\"ListItem\",\"position\":2,\"name\":\"Activit\u00e9s\",\"item\":\"https:\\\/\\\/ermatechnic.com\\\/activites\\\/\"},{\"@type\":\"ListItem\",\"position\":3,\"name\":\"Naval\"}]},{\"@type\":\"WebSite\",\"@id\":\"https:\\\/\\\/ermatechnic.com\\\/#website\",\"url\":\"https:\\\/\\\/ermatechnic.com\\\/\",\"name\":\"Erma technic - Groupe charbonnier\",\"description\":\"\",\"publisher\":{\"@id\":\"https:\\\/\\\/ermatechnic.com\\\/#organization\"},\"potentialAction\":[{\"@type\":\"SearchAction\",\"target\":{\"@type\":\"EntryPoint\",\"urlTemplate\":\"https:\\\/\\\/ermatechnic.com\\\/?s={search_term_string}\"},\"query-input\":{\"@type\":\"PropertyValueSpecification\",\"valueRequired\":true,\"valueName\":\"search_term_string\"}}],\"inLanguage\":\"en-GB\"},{\"@type\":\"Organization\",\"@id\":\"https:\\\/\\\/ermatechnic.com\\\/#organization\",\"name\":\"Erma technic - Groupe charbonnier\",\"url\":\"https:\\\/\\\/ermatechnic.com\\\/\",\"logo\":{\"@type\":\"ImageObject\",\"inLanguage\":\"en-GB\",\"@id\":\"https:\\\/\\\/ermatechnic.com\\\/#\\\/schema\\\/logo\\\/image\\\/\",\"url\":\"https:\\\/\\\/ermatechnic.com\\\/wp-content\\\/uploads\\\/2020\\\/12\\\/cropped-cropped-logo-color-1.png\",\"contentUrl\":\"https:\\\/\\\/ermatechnic.com\\\/wp-content\\\/uploads\\\/2020\\\/12\\\/cropped-cropped-logo-color-1.png\",\"width\":708,\"height\":570,\"caption\":\"Erma technic - Groupe charbonnier\"},\"image\":{\"@id\":\"https:\\\/\\\/ermatechnic.com\\\/#\\\/schema\\\/logo\\\/image\\\/\"}}]}<\/script>\n<!-- \/ Yoast SEO plugin. -->","yoast_head_json":{"title":"Naval - Erma technic - Groupe charbonnier","robots":{"index":"index","follow":"follow","max-snippet":"max-snippet:-1","max-image-preview":"max-image-preview:large","max-video-preview":"max-video-preview:-1"},"canonical":"https:\/\/ermatechnic.com\/en\/activites\/naval\/","og_locale":"en_GB","og_type":"article","og_title":"Naval - Erma technic - Groupe charbonnier","og_description":"Secteur d&rsquo;activit\u00e9 Naval Erma technic &#8211; group charbonier R\u00e9alisation sur nos sites de production et interventions sur sites clients. Nos prestations en montage \/ c\u00e2blage\u00a0: R\u00e9alisations en s\u00e9rie de torons, routage sur planche, test SYNOR 10 000 points Fabrications compl\u00e8tes d\u2019\u00e9quipements \u00e9lectriques et \u00e9lectroniques Engagement sur la garantie livraison et remise \u00e0 niveau. Pr\u00e9c\u00e9dent Suivant","og_url":"https:\/\/ermatechnic.com\/en\/activites\/naval\/","og_site_name":"Erma technic - Groupe charbonnier","article_modified_time":"2021-05-06T09:54:52+00:00","og_image":[{"url":"https:\/\/ermatechnic.com\/wp-content\/uploads\/2020\/12\/DSC06938-e1607472304272-768x512.jpg","type":"","width":"","height":""}],"twitter_card":"summary_large_image","twitter_misc":{"Estimated reading time":"2 minutes"},"schema":{"@context":"https:\/\/schema.org","@graph":[{"@type":"WebPage","@id":"https:\/\/ermatechnic.com\/en\/activites\/naval\/","url":"https:\/\/ermatechnic.com\/en\/activites\/naval\/","name":"Naval - Erma technic - Groupe charbonnier","isPartOf":{"@id":"https:\/\/ermatechnic.com\/#website"},"primaryImageOfPage":{"@id":"https:\/\/ermatechnic.com\/en\/activites\/naval\/#primaryimage"},"image":{"@id":"https:\/\/ermatechnic.com\/en\/activites\/naval\/#primaryimage"},"thumbnailUrl":"https:\/\/ermatechnic.com\/wp-content\/uploads\/2020\/12\/DSC06938-e1607472304272-768x512.jpg","datePublished":"2020-12-08T23:29:24+00:00","dateModified":"2021-05-06T09:54:52+00:00","breadcrumb":{"@id":"https:\/\/ermatechnic.com\/en\/activites\/naval\/#breadcrumb"},"inLanguage":"en-GB","potentialAction":[{"@type":"ReadAction","target":["https:\/\/ermatechnic.com\/en\/activites\/naval\/"]}]},{"@type":"ImageObject","inLanguage":"en-GB","@id":"https:\/\/ermatechnic.com\/en\/activites\/naval\/#primaryimage","url":"https:\/\/ermatechnic.com\/wp-content\/uploads\/2020\/12\/DSC06938-e1607472304272-768x512.jpg","contentUrl":"https:\/\/ermatechnic.com\/wp-content\/uploads\/2020\/12\/DSC06938-e1607472304272-768x512.jpg"},{"@type":"BreadcrumbList","@id":"https:\/\/ermatechnic.com\/en\/activites\/naval\/#breadcrumb","itemListElement":[{"@type":"ListItem","position":1,"name":"Accueil","item":"https:\/\/ermatechnic.com\/"},{"@type":"ListItem","position":2,"name":"Activit\u00e9s","item":"https:\/\/ermatechnic.com\/activites\/"},{"@type":"ListItem","position":3,"name":"Naval"}]},{"@type":"WebSite","@id":"https:\/\/ermatechnic.com\/#website","url":"https:\/\/ermatechnic.com\/","name":"Erma technic - Groupe charbonnier","description":"","publisher":{"@id":"https:\/\/ermatechnic.com\/#organization"},"potentialAction":[{"@type":"SearchAction","target":{"@type":"EntryPoint","urlTemplate":"https:\/\/ermatechnic.com\/?s={search_term_string}"},"query-input":{"@type":"PropertyValueSpecification","valueRequired":true,"valueName":"search_term_string"}}],"inLanguage":"en-GB"},{"@type":"Organization","@id":"https:\/\/ermatechnic.com\/#organization","name":"Erma technic - Groupe charbonnier","url":"https:\/\/ermatechnic.com\/","logo":{"@type":"ImageObject","inLanguage":"en-GB","@id":"https:\/\/ermatechnic.com\/#\/schema\/logo\/image\/","url":"https:\/\/ermatechnic.com\/wp-content\/uploads\/2020\/12\/cropped-cropped-logo-color-1.png","contentUrl":"https:\/\/ermatechnic.com\/wp-content\/uploads\/2020\/12\/cropped-cropped-logo-color-1.png","width":708,"height":570,"caption":"Erma technic - Groupe charbonnier"},"image":{"@id":"https:\/\/ermatechnic.com\/#\/schema\/logo\/image\/"}}]}},"_links":{"self":[{"href":"https:\/\/ermatechnic.com\/en\/wp-json\/wp\/v2\/pages\/1292","targetHints":{"allow":["GET"]}}],"collection":[{"href":"https:\/\/ermatechnic.com\/en\/wp-json\/wp\/v2\/pages"}],"about":[{"href":"https:\/\/ermatechnic.com\/en\/wp-json\/wp\/v2\/types\/page"}],"author":[{"embeddable":true,"href":"https:\/\/ermatechnic.com\/en\/wp-json\/wp\/v2\/users\/1"}],"replies":[{"embeddable":true,"href":"https:\/\/ermatechnic.com\/en\/wp-json\/wp\/v2\/comments?post=1292"}],"version-history":[{"count":13,"href":"https:\/\/ermatechnic.com\/en\/wp-json\/wp\/v2\/pages\/1292\/revisions"}],"predecessor-version":[{"id":3006,"href":"https:\/\/ermatechnic.com\/en\/wp-json\/wp\/v2\/pages\/1292\/revisions\/3006"}],"up":[{"embeddable":true,"href":"https:\/\/ermatechnic.com\/en\/wp-json\/wp\/v2\/pages\/1178"}],"wp:attachment":[{"href":"https:\/\/ermatechnic.com\/en\/wp-json\/wp\/v2\/media?parent=1292"}],"curies":[{"name":"wp","href":"https:\/\/api.w.org\/{rel}","templated":true}]}}