{"id":2046,"date":"2020-12-23T15:40:49","date_gmt":"2020-12-23T14:40:49","guid":{"rendered":"https:\/\/ermatechnic.com\/?page_id=2046"},"modified":"2025-06-24T09:12:28","modified_gmt":"2025-06-24T07:12:28","slug":"historique","status":"publish","type":"page","link":"https:\/\/ermatechnic.com\/en\/entreprise\/historique\/","title":{"rendered":"History"},"content":{"rendered":"\t\t<div data-elementor-type=\"wp-page\" data-elementor-id=\"2046\" class=\"elementor elementor-2046\">\n\t\t\t\t\t\t<section class=\"elementor-section elementor-top-section elementor-element elementor-element-6c5ec72 elementor-section-height-min-height elementor-section-items-bottom elementor-section-boxed elementor-section-height-default\" data-id=\"6c5ec72\" data-element_type=\"section\" data-e-type=\"section\" data-settings=\"{&quot;background_background&quot;:&quot;slideshow&quot;,&quot;background_slideshow_gallery&quot;:[{&quot;id&quot;:1230,&quot;url&quot;:&quot;https:\\\/\\\/ermatechnic.com\\\/wp-content\\\/uploads\\\/2020\\\/12\\\/20181112_132448.jpg&quot;},{&quot;id&quot;:1225,&quot;url&quot;:&quot;https:\\\/\\\/ermatechnic.com\\\/wp-content\\\/uploads\\\/2020\\\/12\\\/DSC07115.jpg&quot;}],&quot;background_slideshow_ken_burns&quot;:&quot;yes&quot;,&quot;background_slideshow_loop&quot;:&quot;yes&quot;,&quot;background_slideshow_slide_duration&quot;:5000,&quot;background_slideshow_slide_transition&quot;:&quot;fade&quot;,&quot;background_slideshow_transition_duration&quot;:500,&quot;background_slideshow_ken_burns_zoom_direction&quot;:&quot;in&quot;}\">\n\t\t\t\t\t\t\t<div class=\"elementor-background-overlay\"><\/div>\n\t\t\t\t\t\t\t<div class=\"elementor-container elementor-column-gap-no\">\n\t\t\t\t\t<div class=\"elementor-column elementor-col-100 elementor-top-column elementor-element elementor-element-10c5fb1\" data-id=\"10c5fb1\" data-element_type=\"column\" data-e-type=\"column\">\n\t\t\t<div class=\"elementor-widget-wrap elementor-element-populated\">\n\t\t\t\t\t\t<div class=\"elementor-element elementor-element-995dc3c elementor-widget elementor-widget-heading\" data-id=\"995dc3c\" data-element_type=\"widget\" data-e-type=\"widget\" data-widget_type=\"heading.default\">\n\t\t\t\t<div class=\"elementor-widget-container\">\n\t\t\t\t\t<h6 class=\"elementor-heading-title elementor-size-default\">ERMA TECHNIC<\/h6>\t\t\t\t<\/div>\n\t\t\t\t<\/div>\n\t\t\t\t<div class=\"elementor-element elementor-element-544f8bb elementor-widget elementor-widget-heading\" data-id=\"544f8bb\" data-element_type=\"widget\" data-e-type=\"widget\" data-widget_type=\"heading.default\">\n\t\t\t\t<div class=\"elementor-widget-container\">\n\t\t\t\t\t<h1 class=\"elementor-heading-title elementor-size-default\">Historique<\/h1>\t\t\t\t<\/div>\n\t\t\t\t<\/div>\n\t\t\t\t<div class=\"elementor-element elementor-element-9d9152a elementor-widget-divider--view-line elementor-widget elementor-widget-divider\" data-id=\"9d9152a\" data-element_type=\"widget\" data-e-type=\"widget\" data-widget_type=\"divider.default\">\n\t\t\t\t<div class=\"elementor-widget-container\">\n\t\t\t\t\t\t\t<div class=\"elementor-divider\">\n\t\t\t<span class=\"elementor-divider-separator\">\n\t\t\t\t\t\t<\/span>\n\t\t<\/div>\n\t\t\t\t\t\t<\/div>\n\t\t\t\t<\/div>\n\t\t\t\t\t<\/div>\n\t\t<\/div>\n\t\t\t\t\t<\/div>\n\t\t<\/section>\n\t\t\t\t<section class=\"elementor-section elementor-top-section elementor-element elementor-element-1955f12 elementor-section-content-middle elementor-section-boxed elementor-section-height-default elementor-section-height-default\" data-id=\"1955f12\" data-element_type=\"section\" data-e-type=\"section\" data-settings=\"{&quot;background_background&quot;:&quot;classic&quot;}\">\n\t\t\t\t\t\t\t<div class=\"elementor-background-overlay\"><\/div>\n\t\t\t\t\t\t\t<div class=\"elementor-container elementor-column-gap-no\">\n\t\t\t\t\t<div class=\"elementor-column elementor-col-50 elementor-top-column elementor-element elementor-element-115b11a elementor-hidden-tablet elementor-hidden-phone\" data-id=\"115b11a\" data-element_type=\"column\" data-e-type=\"column\">\n\t\t\t<div class=\"elementor-widget-wrap elementor-element-populated\">\n\t\t\t\t\t\t<div class=\"elementor-element elementor-element-8f00667 elementor-widget elementor-widget-image\" data-id=\"8f00667\" data-element_type=\"widget\" data-e-type=\"widget\" data-widget_type=\"image.default\">\n\t\t\t\t<div class=\"elementor-widget-container\">\n\t\t\t\t\t\t\t\t\t\t\t\t\t\t\t<img fetchpriority=\"high\" decoding=\"async\" width=\"708\" height=\"570\" src=\"https:\/\/ermatechnic.com\/wp-content\/uploads\/2020\/12\/cropped-logo-color.png\" class=\"attachment-medium_large size-medium_large wp-image-1723\" alt=\"\" srcset=\"https:\/\/ermatechnic.com\/wp-content\/uploads\/2020\/12\/cropped-logo-color.png 708w, https:\/\/ermatechnic.com\/wp-content\/uploads\/2020\/12\/cropped-logo-color-300x242.png 300w\" sizes=\"(max-width: 708px) 100vw, 708px\" \/>\t\t\t\t\t\t\t\t\t\t\t\t\t\t\t<\/div>\n\t\t\t\t<\/div>\n\t\t\t\t\t<\/div>\n\t\t<\/div>\n\t\t\t\t<div class=\"elementor-column elementor-col-50 elementor-top-column elementor-element elementor-element-912a1f9\" data-id=\"912a1f9\" data-element_type=\"column\" data-e-type=\"column\">\n\t\t\t<div class=\"elementor-widget-wrap elementor-element-populated\">\n\t\t\t\t\t\t<div class=\"elementor-element elementor-element-2330b21 elementor-widget elementor-widget-text-editor\" data-id=\"2330b21\" data-element_type=\"widget\" data-e-type=\"widget\" data-widget_type=\"text-editor.default\">\n\t\t\t\t<div class=\"elementor-widget-container\">\n\t\t\t\t\t\t\t\t\t<p><strong>ERMA TECHNIC<\/strong> (ex-TECHNICOM) a \u00e9t\u00e9 cr\u00e9\u00e9e en 1996 par <strong>Monsieur Lionel PERNET<\/strong> et est dirig\u00e9e depuis 2016 par\u00a0<b>Monsieur Philippe GRABOWSKI<\/b> (Directeur des sites de Cannes et Toulouse).<\/p><p>Dans un premier temps, la soci\u00e9t\u00e9 d\u00e9veloppait des applications multim\u00e9dias \u00e0 vocation commerciale, mais s\u2019est tr\u00e8s rapidement orient\u00e9e vers l\u2019A\u00e9rospatiale en parvenant notamment \u00e0 devenir sous-traitant de rang 1 du prestigieux donneur d\u2019ordres \u00ab <strong>THALES ALENIA SPACE<\/strong> \u00bb.<\/p><p>Depuis sa cr\u00e9ation en 1996,\u00a0<b>ERMA TECHNIC<\/b>\u00a0intervient de la Sp\u00e9cification Technique de Besoin \u00e0 l\u2019installation sur sites clients\u00a0dans les environnements A\u00e9rospatial, A\u00e9ronautique et Industriel pour le compte de grands donneurs d\u2019ordres tels que\u00a0<b>THALES ALENIA SPACE, THALES GROUP, INEO DEFENSE, NAVAL GROUP, AIRBUS DS, LABORATOIRE D\u2019ASTROPHYSIQUE DE MARSEILLE, SIEMENS, EXPL\u00c9O FRANCE, ALTEN, GROUPE LAT\u00c9CO\u00c8RE,<\/b>\u00a0&#8230;<\/p><p>Nous disposons d\u2019\u00e9quipes op\u00e9rationnelles qui ma\u00eetrisent\u00a0toute la chaine de\u00a0process pour satisfaire nos clients et connaissons parfaitement les contraintes et les sp\u00e9cificit\u00e9s des diff\u00e9rents projets auxquels nous sommes associ\u00e9s.<\/p><p>Forte de cette expertise, <strong>ERMA TECHNIC<\/strong>, a int\u00e9gr\u00e9 le <strong>Groupe Charbonnier<\/strong> en Novembre 2013, Groupe avec un effectif d\u2019environ 400 personnes au plus fort de l\u2019activit\u00e9.<\/p><p><strong>ERMA TECHNIC<\/strong> regroupe le savoir-faire de collaborateurs exp\u00e9riment\u00e9s et gr\u00e2ce \u00e0 ses capacit\u00e9s, ses partenaires et des diff\u00e9rentes filiales du groupe, nous avons la capacit\u00e9 d\u2019adapter nos effectifs allou\u00e9s \u00e0 un projet en fonction du plan de charge d\u00e9fini et sommes \u00e9quip\u00e9s d\u2019un ERP pour la gestion de projets.<\/p><p>Le si\u00e8ge social d\u2019<strong>ERMA TECHNIC<\/strong> est situ\u00e9 \u00e0 Cannes (06), ce site regroupe les parties administratives, la direction, le bureau d\u2019\u00e9tudes\/m\u00e9thodes et 2 ateliers de productions.<\/p><p>Depuis septembre 2018, <strong>ERMA TECHNIC<\/strong> s\u2019est implant\u00e9e \u00e0 Toulouse (31) avec un site de production de 1000 m\u00b2 d\u2019ateliers, de bureaux et d\u2019une salle de formation afin de r\u00e9pondre aux demandes de proximit\u00e9s nos clients et ainsi de d\u00e9velopper nos activit\u00e9s.<\/p>\t\t\t\t\t\t\t\t<\/div>\n\t\t\t\t<\/div>\n\t\t\t\t\t<\/div>\n\t\t<\/div>\n\t\t\t\t\t<\/div>\n\t\t<\/section>\n\t\t\t\t<\/div>\n\t\t","protected":false},"excerpt":{"rendered":"<p>ERMA TECHNIC Historique ERMA TECHNIC (ex-TECHNICOM) a \u00e9t\u00e9 cr\u00e9\u00e9e en 1996 par Monsieur Lionel PERNET et est dirig\u00e9e depuis 2016 par\u00a0Monsieur Philippe GRABOWSKI (Directeur des sites de Cannes et Toulouse). Dans un premier temps, la soci\u00e9t\u00e9 d\u00e9veloppait des applications multim\u00e9dias \u00e0 vocation commerciale, mais s\u2019est tr\u00e8s rapidement orient\u00e9e vers l\u2019A\u00e9rospatiale en parvenant notamment \u00e0 devenir [&hellip;]<\/p>\n","protected":false},"author":1,"featured_media":0,"parent":1179,"menu_order":0,"comment_status":"closed","ping_status":"closed","template":"","meta":{"site-sidebar-layout":"no-sidebar","site-content-layout":"page-builder","ast-site-content-layout":"default","site-content-style":"default","site-sidebar-style":"default","ast-global-header-display":"","ast-banner-title-visibility":"","ast-main-header-display":"","ast-hfb-above-header-display":"","ast-hfb-below-header-display":"","ast-hfb-mobile-header-display":"","site-post-title":"disabled","ast-breadcrumbs-content":"","ast-featured-img":"disabled","footer-sml-layout":"","ast-disable-related-posts":"","theme-transparent-header-meta":"enabled","adv-header-id-meta":"","stick-header-meta":"","header-above-stick-meta":"","header-main-stick-meta":"","header-below-stick-meta":"","astra-migrate-meta-layouts":"default","ast-page-background-enabled":"default","ast-page-background-meta":{"desktop":{"background-color":"","background-image":"","background-repeat":"repeat","background-position":"center center","background-size":"auto","background-attachment":"scroll","background-type":"","background-media":"","overlay-type":"","overlay-color":"","overlay-opacity":"","overlay-gradient":""},"tablet":{"background-color":"","background-image":"","background-repeat":"repeat","background-position":"center center","background-size":"auto","background-attachment":"scroll","background-type":"","background-media":"","overlay-type":"","overlay-color":"","overlay-opacity":"","overlay-gradient":""},"mobile":{"background-color":"","background-image":"","background-repeat":"repeat","background-position":"center center","background-size":"auto","background-attachment":"scroll","background-type":"","background-media":"","overlay-type":"","overlay-color":"","overlay-opacity":"","overlay-gradient":""}},"ast-content-background-meta":{"desktop":{"background-color":"var(--ast-global-color-5)","background-image":"","background-repeat":"repeat","background-position":"center center","background-size":"auto","background-attachment":"scroll","background-type":"","background-media":"","overlay-type":"","overlay-color":"","overlay-opacity":"","overlay-gradient":""},"tablet":{"background-color":"var(--ast-global-color-5)","background-image":"","background-repeat":"repeat","background-position":"center center","background-size":"auto","background-attachment":"scroll","background-type":"","background-media":"","overlay-type":"","overlay-color":"","overlay-opacity":"","overlay-gradient":""},"mobile":{"background-color":"var(--ast-global-color-5)","background-image":"","background-repeat":"repeat","background-position":"center center","background-size":"auto","background-attachment":"scroll","background-type":"","background-media":"","overlay-type":"","overlay-color":"","overlay-opacity":"","overlay-gradient":""}},"footnotes":""},"class_list":["post-2046","page","type-page","status-publish","hentry"],"yoast_head":"<!-- This site is optimized with the Yoast SEO plugin v27.4 - https:\/\/yoast.com\/product\/yoast-seo-wordpress\/ -->\n<title>Historique - Erma technic - Groupe charbonnier<\/title>\n<meta name=\"robots\" content=\"index, follow, max-snippet:-1, max-image-preview:large, max-video-preview:-1\" \/>\n<link rel=\"canonical\" href=\"https:\/\/ermatechnic.com\/en\/entreprise\/historique\/\" \/>\n<meta property=\"og:locale\" content=\"en_GB\" \/>\n<meta property=\"og:type\" content=\"article\" \/>\n<meta property=\"og:title\" content=\"Historique - Erma technic - Groupe charbonnier\" \/>\n<meta property=\"og:description\" content=\"ERMA TECHNIC Historique ERMA TECHNIC (ex-TECHNICOM) a \u00e9t\u00e9 cr\u00e9\u00e9e en 1996 par Monsieur Lionel PERNET et est dirig\u00e9e depuis 2016 par\u00a0Monsieur Philippe GRABOWSKI (Directeur des sites de Cannes et Toulouse). Dans un premier temps, la soci\u00e9t\u00e9 d\u00e9veloppait des applications multim\u00e9dias \u00e0 vocation commerciale, mais s\u2019est tr\u00e8s rapidement orient\u00e9e vers l\u2019A\u00e9rospatiale en parvenant notamment \u00e0 devenir [&hellip;]\" \/>\n<meta property=\"og:url\" content=\"https:\/\/ermatechnic.com\/en\/entreprise\/historique\/\" \/>\n<meta property=\"og:site_name\" content=\"Erma technic - Groupe charbonnier\" \/>\n<meta property=\"article:modified_time\" content=\"2025-06-24T07:12:28+00:00\" \/>\n<meta property=\"og:image\" content=\"https:\/\/ermatechnic.com\/wp-content\/uploads\/2020\/12\/cropped-logo-color.png\" \/>\n\t<meta property=\"og:image:width\" content=\"708\" \/>\n\t<meta property=\"og:image:height\" content=\"570\" \/>\n\t<meta property=\"og:image:type\" content=\"image\/png\" \/>\n<meta name=\"twitter:card\" content=\"summary_large_image\" \/>\n<meta name=\"twitter:label1\" content=\"Estimated reading time\" \/>\n\t<meta name=\"twitter:data1\" content=\"2 minutes\" \/>\n<script type=\"application\/ld+json\" class=\"yoast-schema-graph\">{\"@context\":\"https:\\\/\\\/schema.org\",\"@graph\":[{\"@type\":\"WebPage\",\"@id\":\"https:\\\/\\\/ermatechnic.com\\\/entreprise\\\/historique\\\/\",\"url\":\"https:\\\/\\\/ermatechnic.com\\\/entreprise\\\/historique\\\/\",\"name\":\"Historique - Erma technic - Groupe charbonnier\",\"isPartOf\":{\"@id\":\"https:\\\/\\\/ermatechnic.com\\\/#website\"},\"primaryImageOfPage\":{\"@id\":\"https:\\\/\\\/ermatechnic.com\\\/entreprise\\\/historique\\\/#primaryimage\"},\"image\":{\"@id\":\"https:\\\/\\\/ermatechnic.com\\\/entreprise\\\/historique\\\/#primaryimage\"},\"thumbnailUrl\":\"https:\\\/\\\/ermatechnic.com\\\/wp-content\\\/uploads\\\/2020\\\/12\\\/cropped-logo-color.png\",\"datePublished\":\"2020-12-23T14:40:49+00:00\",\"dateModified\":\"2025-06-24T07:12:28+00:00\",\"breadcrumb\":{\"@id\":\"https:\\\/\\\/ermatechnic.com\\\/entreprise\\\/historique\\\/#breadcrumb\"},\"inLanguage\":\"en-GB\",\"potentialAction\":[{\"@type\":\"ReadAction\",\"target\":[\"https:\\\/\\\/ermatechnic.com\\\/entreprise\\\/historique\\\/\"]}]},{\"@type\":\"ImageObject\",\"inLanguage\":\"en-GB\",\"@id\":\"https:\\\/\\\/ermatechnic.com\\\/entreprise\\\/historique\\\/#primaryimage\",\"url\":\"https:\\\/\\\/ermatechnic.com\\\/wp-content\\\/uploads\\\/2020\\\/12\\\/cropped-logo-color.png\",\"contentUrl\":\"https:\\\/\\\/ermatechnic.com\\\/wp-content\\\/uploads\\\/2020\\\/12\\\/cropped-logo-color.png\"},{\"@type\":\"BreadcrumbList\",\"@id\":\"https:\\\/\\\/ermatechnic.com\\\/entreprise\\\/historique\\\/#breadcrumb\",\"itemListElement\":[{\"@type\":\"ListItem\",\"position\":1,\"name\":\"Accueil\",\"item\":\"https:\\\/\\\/ermatechnic.com\\\/\"},{\"@type\":\"ListItem\",\"position\":2,\"name\":\"Entreprise\",\"item\":\"https:\\\/\\\/ermatechnic.com\\\/entreprise\\\/\"},{\"@type\":\"ListItem\",\"position\":3,\"name\":\"Historique\"}]},{\"@type\":\"WebSite\",\"@id\":\"https:\\\/\\\/ermatechnic.com\\\/#website\",\"url\":\"https:\\\/\\\/ermatechnic.com\\\/\",\"name\":\"Erma technic - Groupe charbonnier\",\"description\":\"\",\"publisher\":{\"@id\":\"https:\\\/\\\/ermatechnic.com\\\/#organization\"},\"potentialAction\":[{\"@type\":\"SearchAction\",\"target\":{\"@type\":\"EntryPoint\",\"urlTemplate\":\"https:\\\/\\\/ermatechnic.com\\\/?s={search_term_string}\"},\"query-input\":{\"@type\":\"PropertyValueSpecification\",\"valueRequired\":true,\"valueName\":\"search_term_string\"}}],\"inLanguage\":\"en-GB\"},{\"@type\":\"Organization\",\"@id\":\"https:\\\/\\\/ermatechnic.com\\\/#organization\",\"name\":\"Erma technic - Groupe charbonnier\",\"url\":\"https:\\\/\\\/ermatechnic.com\\\/\",\"logo\":{\"@type\":\"ImageObject\",\"inLanguage\":\"en-GB\",\"@id\":\"https:\\\/\\\/ermatechnic.com\\\/#\\\/schema\\\/logo\\\/image\\\/\",\"url\":\"https:\\\/\\\/ermatechnic.com\\\/wp-content\\\/uploads\\\/2020\\\/12\\\/cropped-cropped-logo-color-1.png\",\"contentUrl\":\"https:\\\/\\\/ermatechnic.com\\\/wp-content\\\/uploads\\\/2020\\\/12\\\/cropped-cropped-logo-color-1.png\",\"width\":708,\"height\":570,\"caption\":\"Erma technic - Groupe charbonnier\"},\"image\":{\"@id\":\"https:\\\/\\\/ermatechnic.com\\\/#\\\/schema\\\/logo\\\/image\\\/\"}}]}<\/script>\n<!-- \/ Yoast SEO plugin. -->","yoast_head_json":{"title":"Historique - Erma technic - Groupe charbonnier","robots":{"index":"index","follow":"follow","max-snippet":"max-snippet:-1","max-image-preview":"max-image-preview:large","max-video-preview":"max-video-preview:-1"},"canonical":"https:\/\/ermatechnic.com\/en\/entreprise\/historique\/","og_locale":"en_GB","og_type":"article","og_title":"Historique - Erma technic - Groupe charbonnier","og_description":"ERMA TECHNIC Historique ERMA TECHNIC (ex-TECHNICOM) a \u00e9t\u00e9 cr\u00e9\u00e9e en 1996 par Monsieur Lionel PERNET et est dirig\u00e9e depuis 2016 par\u00a0Monsieur Philippe GRABOWSKI (Directeur des sites de Cannes et Toulouse). Dans un premier temps, la soci\u00e9t\u00e9 d\u00e9veloppait des applications multim\u00e9dias \u00e0 vocation commerciale, mais s\u2019est tr\u00e8s rapidement orient\u00e9e vers l\u2019A\u00e9rospatiale en parvenant notamment \u00e0 devenir [&hellip;]","og_url":"https:\/\/ermatechnic.com\/en\/entreprise\/historique\/","og_site_name":"Erma technic - Groupe charbonnier","article_modified_time":"2025-06-24T07:12:28+00:00","og_image":[{"width":708,"height":570,"url":"https:\/\/ermatechnic.com\/wp-content\/uploads\/2020\/12\/cropped-logo-color.png","type":"image\/png"}],"twitter_card":"summary_large_image","twitter_misc":{"Estimated reading time":"2 minutes"},"schema":{"@context":"https:\/\/schema.org","@graph":[{"@type":"WebPage","@id":"https:\/\/ermatechnic.com\/entreprise\/historique\/","url":"https:\/\/ermatechnic.com\/entreprise\/historique\/","name":"Historique - Erma technic - Groupe charbonnier","isPartOf":{"@id":"https:\/\/ermatechnic.com\/#website"},"primaryImageOfPage":{"@id":"https:\/\/ermatechnic.com\/entreprise\/historique\/#primaryimage"},"image":{"@id":"https:\/\/ermatechnic.com\/entreprise\/historique\/#primaryimage"},"thumbnailUrl":"https:\/\/ermatechnic.com\/wp-content\/uploads\/2020\/12\/cropped-logo-color.png","datePublished":"2020-12-23T14:40:49+00:00","dateModified":"2025-06-24T07:12:28+00:00","breadcrumb":{"@id":"https:\/\/ermatechnic.com\/entreprise\/historique\/#breadcrumb"},"inLanguage":"en-GB","potentialAction":[{"@type":"ReadAction","target":["https:\/\/ermatechnic.com\/entreprise\/historique\/"]}]},{"@type":"ImageObject","inLanguage":"en-GB","@id":"https:\/\/ermatechnic.com\/entreprise\/historique\/#primaryimage","url":"https:\/\/ermatechnic.com\/wp-content\/uploads\/2020\/12\/cropped-logo-color.png","contentUrl":"https:\/\/ermatechnic.com\/wp-content\/uploads\/2020\/12\/cropped-logo-color.png"},{"@type":"BreadcrumbList","@id":"https:\/\/ermatechnic.com\/entreprise\/historique\/#breadcrumb","itemListElement":[{"@type":"ListItem","position":1,"name":"Accueil","item":"https:\/\/ermatechnic.com\/"},{"@type":"ListItem","position":2,"name":"Entreprise","item":"https:\/\/ermatechnic.com\/entreprise\/"},{"@type":"ListItem","position":3,"name":"Historique"}]},{"@type":"WebSite","@id":"https:\/\/ermatechnic.com\/#website","url":"https:\/\/ermatechnic.com\/","name":"Erma technic - Groupe charbonnier","description":"","publisher":{"@id":"https:\/\/ermatechnic.com\/#organization"},"potentialAction":[{"@type":"SearchAction","target":{"@type":"EntryPoint","urlTemplate":"https:\/\/ermatechnic.com\/?s={search_term_string}"},"query-input":{"@type":"PropertyValueSpecification","valueRequired":true,"valueName":"search_term_string"}}],"inLanguage":"en-GB"},{"@type":"Organization","@id":"https:\/\/ermatechnic.com\/#organization","name":"Erma technic - Groupe charbonnier","url":"https:\/\/ermatechnic.com\/","logo":{"@type":"ImageObject","inLanguage":"en-GB","@id":"https:\/\/ermatechnic.com\/#\/schema\/logo\/image\/","url":"https:\/\/ermatechnic.com\/wp-content\/uploads\/2020\/12\/cropped-cropped-logo-color-1.png","contentUrl":"https:\/\/ermatechnic.com\/wp-content\/uploads\/2020\/12\/cropped-cropped-logo-color-1.png","width":708,"height":570,"caption":"Erma technic - Groupe charbonnier"},"image":{"@id":"https:\/\/ermatechnic.com\/#\/schema\/logo\/image\/"}}]}},"_links":{"self":[{"href":"https:\/\/ermatechnic.com\/en\/wp-json\/wp\/v2\/pages\/2046","targetHints":{"allow":["GET"]}}],"collection":[{"href":"https:\/\/ermatechnic.com\/en\/wp-json\/wp\/v2\/pages"}],"about":[{"href":"https:\/\/ermatechnic.com\/en\/wp-json\/wp\/v2\/types\/page"}],"author":[{"embeddable":true,"href":"https:\/\/ermatechnic.com\/en\/wp-json\/wp\/v2\/users\/1"}],"replies":[{"embeddable":true,"href":"https:\/\/ermatechnic.com\/en\/wp-json\/wp\/v2\/comments?post=2046"}],"version-history":[{"count":58,"href":"https:\/\/ermatechnic.com\/en\/wp-json\/wp\/v2\/pages\/2046\/revisions"}],"predecessor-version":[{"id":3261,"href":"https:\/\/ermatechnic.com\/en\/wp-json\/wp\/v2\/pages\/2046\/revisions\/3261"}],"up":[{"embeddable":true,"href":"https:\/\/ermatechnic.com\/en\/wp-json\/wp\/v2\/pages\/1179"}],"wp:attachment":[{"href":"https:\/\/ermatechnic.com\/en\/wp-json\/wp\/v2\/media?parent=2046"}],"curies":[{"name":"wp","href":"https:\/\/api.w.org\/{rel}","templated":true}]}}